{"id":22,"date":"2026-01-18T04:38:35","date_gmt":"2026-01-18T04:38:35","guid":{"rendered":"https:\/\/sman.com.ar\/?page_id=22"},"modified":"2026-01-30T22:09:41","modified_gmt":"2026-01-31T01:09:41","slug":"home-2","status":"publish","type":"page","link":"https:\/\/sman.com.ar\/","title":{"rendered":"Home"},"content":{"rendered":"\t\t<div data-elementor-type=\"wp-page\" data-elementor-id=\"22\" class=\"elementor elementor-22\">\n\t\t\t\t<div class=\"elementor-element elementor-element-566e6984 cyber-security-elementor-banner-section e-flex e-con-boxed e-con e-parent\" data-id=\"566e6984\" data-element_type=\"container\" data-settings=\"{&quot;background_background&quot;:&quot;classic&quot;}\">\n\t\t\t\t\t<div class=\"e-con-inner\">\n\t\t<div class=\"elementor-element elementor-element-361ce19f e-con-full banner-section-column1 e-flex e-con e-child\" data-id=\"361ce19f\" data-element_type=\"container\">\n\t\t\t\t<div class=\"elementor-element elementor-element-9c1d914 service-heading elementor-widget elementor-widget-text-editor\" data-id=\"9c1d914\" data-element_type=\"widget\" data-widget_type=\"text-editor.default\">\n\t\t\t\t\t\t\t\t\t<p>Bienvenido a <span style=\"color: #ffffff;\">SMAN<\/span><\/p>\t\t\t\t\t\t\t\t<\/div>\n\t\t\t\t<div class=\"elementor-element elementor-element-2856dd3 elementor-widget__width-initial elementor-widget-tablet__width-initial elementor-widget-mobile__width-initial elementor-widget elementor-widget-text-editor\" data-id=\"2856dd3\" data-element_type=\"widget\" data-widget_type=\"text-editor.default\">\n\t\t\t\t\t\t\t\t\t<p><span style=\"color: #3d7cf2;\">Seguridad Inteligente<\/span> Dise\u00f1ada a su Medida<\/p>\t\t\t\t\t\t\t\t<\/div>\n\t\t\t\t<div class=\"elementor-element elementor-element-1b0a9e9c elementor-widget elementor-widget-text-editor\" data-id=\"1b0a9e9c\" data-element_type=\"widget\" data-widget_type=\"text-editor.default\">\n\t\t\t\t\t\t\t\t\t<p>En SMAN transformamos vulnerabilidades en fortalezas mediante consultor\u00eda experta y tecnolog\u00eda de vanguardia.<\/p>\t\t\t\t\t\t\t\t<\/div>\n\t\t\t\t<div class=\"elementor-element elementor-element-2150f48b elementor-align-left elementor-mobile-align-center elementor-widget elementor-widget-button\" data-id=\"2150f48b\" data-element_type=\"widget\" data-widget_type=\"button.default\">\n\t\t\t\t\t\t\t\t\t\t<a class=\"elementor-button elementor-button-link elementor-size-sm\" href=\"#\">\n\t\t\t\t\t\t<span class=\"elementor-button-content-wrapper\">\n\t\t\t\t\t\t\t\t\t<span class=\"elementor-button-text\">Ver Nuestros Servicios<\/span>\n\t\t\t\t\t<\/span>\n\t\t\t\t\t<\/a>\n\t\t\t\t\t\t\t\t<\/div>\n\t\t\t\t<\/div>\n\t\t<div class=\"elementor-element elementor-element-733e1934 banner-section-column2 e-flex e-con-boxed e-con e-child\" data-id=\"733e1934\" data-element_type=\"container\">\n\t\t\t\t\t<div class=\"e-con-inner\">\n\t\t\t\t<div class=\"elementor-element elementor-element-14311fdd elementor-widget elementor-widget-image\" data-id=\"14311fdd\" data-element_type=\"widget\" data-widget_type=\"image.default\">\n\t\t\t\t\t\t\t\t\t\t\t\t\t\t\t<img fetchpriority=\"high\" decoding=\"async\" width=\"542\" height=\"508\" src=\"https:\/\/sman.com.ar\/wp-content\/uploads\/2026\/01\/slider.png\" class=\"attachment-full size-full wp-image-7\" alt=\"\" srcset=\"https:\/\/sman.com.ar\/wp-content\/uploads\/2026\/01\/slider.png 542w, https:\/\/sman.com.ar\/wp-content\/uploads\/2026\/01\/slider-300x281.png 300w\" sizes=\"(max-width: 542px) 100vw, 542px\" \/>\t\t\t\t\t\t\t\t\t\t\t\t\t\t\t<\/div>\n\t\t\t\t\t<\/div>\n\t\t\t\t<\/div>\n\t\t\t\t\t<\/div>\n\t\t\t\t<\/div>\n\t\t<div class=\"elementor-element elementor-element-6602657d cyber-security-elementor-service-section e-flex e-con-boxed e-con e-parent\" data-id=\"6602657d\" data-element_type=\"container\" data-settings=\"{&quot;background_background&quot;:&quot;classic&quot;}\">\n\t\t\t\t\t<div class=\"e-con-inner\">\n\t\t\t\t<div class=\"elementor-element elementor-element-386b0313 service-heading elementor-widget elementor-widget-text-editor\" data-id=\"386b0313\" data-element_type=\"widget\" data-widget_type=\"text-editor.default\">\n\t\t\t\t\t\t\t\t\t<p>Our Service<\/p>\t\t\t\t\t\t\t\t<\/div>\n\t\t\t\t<div class=\"elementor-element elementor-element-14624141 elementor-widget elementor-widget-heading\" data-id=\"14624141\" data-element_type=\"widget\" data-widget_type=\"heading.default\">\n\t\t\t\t\t<h2 class=\"elementor-heading-title elementor-size-default\">Find Out What We Provide<\/h2>\t\t\t\t<\/div>\n\t\t\t\t<div class=\"elementor-element elementor-element-7c9e46 elementor-widget elementor-widget-text-editor\" data-id=\"7c9e46\" data-element_type=\"widget\" data-widget_type=\"text-editor.default\">\n\t\t\t\t\t\t\t\t\t<p>Lorem ipsum dolor sit amet, consectetur adipiscing elit. Ut elit tellus, luctus nec ullamcorper mattis.<\/p>\t\t\t\t\t\t\t\t<\/div>\n\t\t\t\t<div class=\"elementor-element elementor-element-4f39a8df elementor-grid-eael-col-3 service-section elementor-grid-tablet-eael-col-2 elementor-grid-mobile-eael-col-1 elementor-widget elementor-widget-eael-post-grid\" data-id=\"4f39a8df\" data-element_type=\"widget\" data-settings=\"{&quot;eael_post_grid_columns&quot;:&quot;eael-col-3&quot;,&quot;eael_post_grid_columns_tablet&quot;:&quot;eael-col-2&quot;,&quot;eael_post_grid_columns_mobile&quot;:&quot;eael-col-1&quot;}\" data-widget_type=\"eael-post-grid.default\">\n\t\t\t\t\t<div id=\"eael-post-grid-4f39a8df\" class=\"eael-post-grid-container\">\n            <div class=\"eael-post-grid eael-post-appender eael-post-appender-4f39a8df eael-post-grid-style-one\" data-layout-mode=\"masonry\"><article class=\"eael-grid-post  eael-post-grid-column eael-pg-post-27 category-uncategorized\" data-id=\"27\">\n        <div class=\"eael-grid-post-holder\">\n            <div class=\"eael-grid-post-holder-inner\"><div class=\"eael-entry-media\"><div class=\"eael-entry-overlay none\"><i class=\"fas fa-long-arrow-alt-right\" aria-hidden=\"true\"><\/i><a href=\"https:\/\/sman.com.ar\/?p=27\"><\/a><\/div><div class=\"eael-entry-thumbnail \">\n                <img decoding=\"async\" width=\"80\" height=\"80\" src=\"https:\/\/sman.com.ar\/wp-content\/uploads\/2026\/01\/image3-1.png\" class=\"attachment-full size-full wp-image-28\" alt=\"\" \/>\n            <\/div>\n        <\/div><div class=\"eael-entry-wrapper\"><header class=\"eael-entry-header\"><h2 class=\"eael-entry-title\"><a class=\"eael-grid-post-link\" href=\"https:\/\/sman.com.ar\/?p=27\" title=\"Implementaci\u00f3n y Tecnolog\u00eda Avanzada\">Implementaci\u00f3n y Tecnolog\u00eda Avanzada<\/a><\/h2><\/header><div class=\"eael-entry-content\">\n                        <div class=\"eael-grid-post-excerpt\"><p>Convertimos el dise\u00f1o en una infraestructura de defensa infranqueable. Utilizamos tecnolog\u00eda de punta para crear per\u00edmetros seguros y registros precisos. CCTV y Videovigilancia: Sistemas IP de alta resoluci\u00f3n con anal\u00edtica de video. Controles de Acceso y Visitas: Gesti\u00f3n inteligente de ingresos...<\/p><a href=\"https:\/\/sman.com.ar\/?p=27\" class=\"eael-post-elements-readmore-btn\">Learn More<\/a><\/div>\n                    <\/div><\/div><\/div>\n        <\/div>\n    <\/article><article class=\"eael-grid-post  eael-post-grid-column eael-pg-post-25 category-uncategorized\" data-id=\"25\">\n        <div class=\"eael-grid-post-holder\">\n            <div class=\"eael-grid-post-holder-inner\"><div class=\"eael-entry-media\"><div class=\"eael-entry-overlay none\"><i class=\"fas fa-long-arrow-alt-right\" aria-hidden=\"true\"><\/i><a href=\"https:\/\/sman.com.ar\/?p=25\"><\/a><\/div><div class=\"eael-entry-thumbnail \">\n                <img decoding=\"async\" width=\"80\" height=\"80\" src=\"https:\/\/sman.com.ar\/wp-content\/uploads\/2026\/01\/image2-1.png\" class=\"attachment-full size-full wp-image-26\" alt=\"\" \/>\n            <\/div>\n        <\/div><div class=\"eael-entry-wrapper\"><header class=\"eael-entry-header\"><h2 class=\"eael-entry-title\"><a class=\"eael-grid-post-link\" href=\"https:\/\/sman.com.ar\/?p=25\" title=\"Consultor\u00eda y Estrategia de Seguridad\">Consultor\u00eda y Estrategia de Seguridad<\/a><\/h2><\/header><div class=\"eael-entry-content\">\n                        <div class=\"eael-grid-post-excerpt\"><p>El primer paso hacia una protecci\u00f3n real es el conocimiento. En SMAN analizamos el entorno para anticiparnos a las amenazas antes de que ocurran. An\u00e1lisis de Riesgos y Vulnerabilidades: Identificamos los puntos cr\u00edticos de su operaci\u00f3n. Dise\u00f1o de Proyectos de Seguridad:...<\/p><a href=\"https:\/\/sman.com.ar\/?p=25\" class=\"eael-post-elements-readmore-btn\">Learn More<\/a><\/div>\n                    <\/div><\/div><\/div>\n        <\/div>\n    <\/article><article class=\"eael-grid-post  eael-post-grid-column eael-pg-post-23 category-uncategorized\" data-id=\"23\">\n        <div class=\"eael-grid-post-holder\">\n            <div class=\"eael-grid-post-holder-inner\"><div class=\"eael-entry-media\"><div class=\"eael-entry-overlay none\"><i class=\"fas fa-long-arrow-alt-right\" aria-hidden=\"true\"><\/i><a href=\"https:\/\/sman.com.ar\/?p=23\"><\/a><\/div><div class=\"eael-entry-thumbnail \">\n                <img loading=\"lazy\" decoding=\"async\" width=\"1152\" height=\"866\" src=\"https:\/\/sman.com.ar\/wp-content\/uploads\/2026\/01\/e3ca597f-5d5d-4125-b69b-354d316f4f45.webp\" class=\"attachment-full size-full wp-image-59\" alt=\"\" srcset=\"https:\/\/sman.com.ar\/wp-content\/uploads\/2026\/01\/e3ca597f-5d5d-4125-b69b-354d316f4f45.webp 1152w, https:\/\/sman.com.ar\/wp-content\/uploads\/2026\/01\/e3ca597f-5d5d-4125-b69b-354d316f4f45-300x226.webp 300w, https:\/\/sman.com.ar\/wp-content\/uploads\/2026\/01\/e3ca597f-5d5d-4125-b69b-354d316f4f45-1024x770.webp 1024w, https:\/\/sman.com.ar\/wp-content\/uploads\/2026\/01\/e3ca597f-5d5d-4125-b69b-354d316f4f45-768x577.webp 768w\" sizes=\"(max-width: 1152px) 100vw, 1152px\" \/>\n            <\/div>\n        <\/div><div class=\"eael-entry-wrapper\"><header class=\"eael-entry-header\"><h2 class=\"eael-entry-title\"><a class=\"eael-grid-post-link\" href=\"https:\/\/sman.com.ar\/?p=23\" title=\"Gesti\u00f3n Operativa y Mantenimiento\">Gesti\u00f3n Operativa y Mantenimiento<\/a><\/h2><\/header><div class=\"eael-entry-content\">\n                        <div class=\"eael-grid-post-excerpt\"><p>La seguridad no es un producto, es un proceso constante. Garantizamos que sus sistemas funcionen siempre y que la respuesta humana sea impecable. Monitoreo 7&#215;24: Central de operaciones dedicada a la vigilancia constante de sus alarmas. Seguridad F\u00edsica para Eventos y...<\/p><a href=\"https:\/\/sman.com.ar\/?p=23\" class=\"eael-post-elements-readmore-btn\">Learn More<\/a><\/div>\n                    <\/div><\/div><\/div>\n        <\/div>\n    <\/article><\/div>\n            <div class=\"clearfix\"><\/div>\n        <\/div>\t\t\t\t<\/div>\n\t\t\t\t\t<\/div>\n\t\t\t\t<\/div>\n\t\t\t\t<\/div>\n\t\t","protected":false},"excerpt":{"rendered":"<p>Bienvenido a SMAN Seguridad Inteligente Dise\u00f1ada a su Medida En SMAN transformamos vulnerabilidades en fortalezas mediante consultor\u00eda experta y tecnolog\u00eda de vanguardia. Ver Nuestros Servicios Our Service Find Out What We Provide Lorem ipsum dolor sit amet, consectetur adipiscing elit. Ut elit tellus, luctus nec ullamcorper mattis. Implementaci\u00f3n y Tecnolog\u00eda Avanzada Convertimos el dise\u00f1o en [&hellip;]<\/p>\n","protected":false},"author":1,"featured_media":47,"parent":0,"menu_order":0,"comment_status":"closed","ping_status":"closed","template":"templates\/frontpage.php","meta":{"footnotes":""},"class_list":["post-22","page","type-page","status-publish","has-post-thumbnail","hentry"],"_links":{"self":[{"href":"https:\/\/sman.com.ar\/index.php?rest_route=\/wp\/v2\/pages\/22","targetHints":{"allow":["GET"]}}],"collection":[{"href":"https:\/\/sman.com.ar\/index.php?rest_route=\/wp\/v2\/pages"}],"about":[{"href":"https:\/\/sman.com.ar\/index.php?rest_route=\/wp\/v2\/types\/page"}],"author":[{"embeddable":true,"href":"https:\/\/sman.com.ar\/index.php?rest_route=\/wp\/v2\/users\/1"}],"replies":[{"embeddable":true,"href":"https:\/\/sman.com.ar\/index.php?rest_route=%2Fwp%2Fv2%2Fcomments&post=22"}],"version-history":[{"count":10,"href":"https:\/\/sman.com.ar\/index.php?rest_route=\/wp\/v2\/pages\/22\/revisions"}],"predecessor-version":[{"id":69,"href":"https:\/\/sman.com.ar\/index.php?rest_route=\/wp\/v2\/pages\/22\/revisions\/69"}],"wp:featuredmedia":[{"embeddable":true,"href":"https:\/\/sman.com.ar\/index.php?rest_route=\/wp\/v2\/media\/47"}],"wp:attachment":[{"href":"https:\/\/sman.com.ar\/index.php?rest_route=%2Fwp%2Fv2%2Fmedia&parent=22"}],"curies":[{"name":"wp","href":"https:\/\/api.w.org\/{rel}","templated":true}]}}